{"id":231,"date":"2022-06-21T06:31:55","date_gmt":"2022-06-21T04:31:55","guid":{"rendered":"https:\/\/depestele.mynewwebsite.be\/?page_id=231"},"modified":"2023-06-21T12:34:21","modified_gmt":"2023-06-21T12:34:21","slug":"dmc-expertiseburo","status":"publish","type":"page","link":"https:\/\/www.depestele.be\/fr\/dmc-expertiseburo\/","title":{"rendered":"DMC Expertiseburo"},"content":{"rendered":"<div id=\"cs-content\" class=\"cs-content\"><\/div>\n","protected":false},"excerpt":{"rendered":"<p>Votre expert de confiance lors de d\u00e9gats en manutention et votre assistant de confiance en cas de litiges lors de sinistres.je veux des conseils gratuit Comment pouvons-nous vous venir en aide ?Assistance apr\u00e8s un incendie ou un autre sinistreUniquement par l&rsquo;interm\u00e9diaire d&rsquo;un assureurPr\u00e9paration de l&rsquo;\u00e9tat des pertesRecouvrement aupr\u00e8s de tiersAssistance \u00e0 la d\u00e9fense juridiqueInterventionPour vous venir en aide, il vous &#8230; <\/p>\n<div><a href=\"https:\/\/www.depestele.be\/fr\/dmc-expertiseburo\/\" class=\"more-link\">Read More<\/a><\/div>\n","protected":false},"author":1,"featured_media":0,"parent":0,"menu_order":0,"comment_status":"closed","ping_status":"closed","template":"template-blank-4.php","meta":{"_seopress_robots_primary_cat":"","_seopress_titles_title":"","_seopress_titles_desc":"","_seopress_robots_index":"","footnotes":""},"class_list":["post-231","page","type-page","status-publish","hentry","no-post-thumbnail"],"acf":[],"_links":{"self":[{"href":"https:\/\/www.depestele.be\/fr\/wp-json\/wp\/v2\/pages\/231","targetHints":{"allow":["GET"]}}],"collection":[{"href":"https:\/\/www.depestele.be\/fr\/wp-json\/wp\/v2\/pages"}],"about":[{"href":"https:\/\/www.depestele.be\/fr\/wp-json\/wp\/v2\/types\/page"}],"author":[{"embeddable":true,"href":"https:\/\/www.depestele.be\/fr\/wp-json\/wp\/v2\/users\/1"}],"replies":[{"embeddable":true,"href":"https:\/\/www.depestele.be\/fr\/wp-json\/wp\/v2\/comments?post=231"}],"version-history":[{"count":14,"href":"https:\/\/www.depestele.be\/fr\/wp-json\/wp\/v2\/pages\/231\/revisions"}],"predecessor-version":[{"id":246,"href":"https:\/\/www.depestele.be\/fr\/wp-json\/wp\/v2\/pages\/231\/revisions\/246"}],"wp:attachment":[{"href":"https:\/\/www.depestele.be\/fr\/wp-json\/wp\/v2\/media?parent=231"}],"curies":[{"name":"wp","href":"https:\/\/api.w.org\/{rel}","templated":true}]}}