{"id":254,"date":"2022-06-21T06:32:00","date_gmt":"2022-06-21T04:32:00","guid":{"rendered":"https:\/\/depestele.mynewwebsite.be\/seb-expertiseburo-frans\/"},"modified":"2023-06-21T13:43:40","modified_gmt":"2023-06-21T13:43:40","slug":"seb-expertiseburo","status":"publish","type":"page","link":"https:\/\/www.depestele.be\/fr\/seb-expertiseburo\/","title":{"rendered":"SEB Expertiseburo"},"content":{"rendered":"<div id=\"cs-content\" class=\"cs-content\"><\/div>\n","protected":false},"excerpt":{"rendered":"<p>Votre expert ind\u00e9pendant pour le traitement de tous vos dossiers de sinistresje veux des conseils gratuitPour quelle raison pouvez-vous nous contacter ?Incendie et d\u00e9\u00e2ts des eauxVol et vandalismeB\u00e2timent BADommages \u00e9lectriquesCollision et impactTous risques PCABR et BOARTemp\u00eate, gr\u00eale, neige et verglasRecouvrement par le propr\u00e9taire Indemnisation des tiersVINExpertise de biens \u00e0 vendreDescription du site en cas de constructionEstimation des dommagesLorsque vous avez &#8230; <\/p>\n<div><a href=\"https:\/\/www.depestele.be\/fr\/seb-expertiseburo\/\" class=\"more-link\">Read More<\/a><\/div>\n","protected":false},"author":1,"featured_media":0,"parent":0,"menu_order":0,"comment_status":"closed","ping_status":"closed","template":"template-blank-4.php","meta":{"_seopress_robots_primary_cat":"","_seopress_titles_title":"","_seopress_titles_desc":"","_seopress_robots_index":"","footnotes":""},"class_list":["post-254","page","type-page","status-publish","hentry","no-post-thumbnail"],"acf":[],"_links":{"self":[{"href":"https:\/\/www.depestele.be\/fr\/wp-json\/wp\/v2\/pages\/254","targetHints":{"allow":["GET"]}}],"collection":[{"href":"https:\/\/www.depestele.be\/fr\/wp-json\/wp\/v2\/pages"}],"about":[{"href":"https:\/\/www.depestele.be\/fr\/wp-json\/wp\/v2\/types\/page"}],"author":[{"embeddable":true,"href":"https:\/\/www.depestele.be\/fr\/wp-json\/wp\/v2\/users\/1"}],"replies":[{"embeddable":true,"href":"https:\/\/www.depestele.be\/fr\/wp-json\/wp\/v2\/comments?post=254"}],"version-history":[{"count":13,"href":"https:\/\/www.depestele.be\/fr\/wp-json\/wp\/v2\/pages\/254\/revisions"}],"predecessor-version":[{"id":267,"href":"https:\/\/www.depestele.be\/fr\/wp-json\/wp\/v2\/pages\/254\/revisions\/267"}],"wp:attachment":[{"href":"https:\/\/www.depestele.be\/fr\/wp-json\/wp\/v2\/media?parent=254"}],"curies":[{"name":"wp","href":"https:\/\/api.w.org\/{rel}","templated":true}]}}