{"id":268,"date":"2022-06-21T06:33:16","date_gmt":"2022-06-21T06:33:16","guid":{"rendered":"https:\/\/depestele.mynewwebsite.be\/over-ons-frans\/"},"modified":"2023-06-21T14:09:46","modified_gmt":"2023-06-21T14:09:46","slug":"a-propos-de-nous","status":"publish","type":"page","link":"https:\/\/www.depestele.be\/fr\/a-propos-de-nous\/","title":{"rendered":"\u00c0 propos de nous"},"content":{"rendered":"<div id=\"cs-content\" class=\"cs-content\"><\/div>\n","protected":false},"excerpt":{"rendered":"<p>\u00c0 propos de nousQui sommes-nous ?SEB &amp; DMC ont ce qu&rsquo;il faut pour vous assister rapidement, efficacement et avec empathie dans tous les \u00e9v\u00e9nements possibles entourant la r\u00e9clamation de votre client. La force de SEB r\u00e9side dans l&rsquo;\u00e9tendue de son expertise. La force de DMC est son ind\u00e9pendance et son exp\u00e9rience en mati\u00e8re d&rsquo;aide juridique. Cela fait de nous un &#8230; <\/p>\n<div><a href=\"https:\/\/www.depestele.be\/fr\/a-propos-de-nous\/\" class=\"more-link\">Read More<\/a><\/div>\n","protected":false},"author":1,"featured_media":0,"parent":0,"menu_order":0,"comment_status":"closed","ping_status":"closed","template":"template-blank-4.php","meta":{"_seopress_robots_primary_cat":"","_seopress_titles_title":"","_seopress_titles_desc":"","_seopress_robots_index":"","footnotes":""},"class_list":["post-268","page","type-page","status-publish","hentry","no-post-thumbnail"],"acf":[],"_links":{"self":[{"href":"https:\/\/www.depestele.be\/fr\/wp-json\/wp\/v2\/pages\/268","targetHints":{"allow":["GET"]}}],"collection":[{"href":"https:\/\/www.depestele.be\/fr\/wp-json\/wp\/v2\/pages"}],"about":[{"href":"https:\/\/www.depestele.be\/fr\/wp-json\/wp\/v2\/types\/page"}],"author":[{"embeddable":true,"href":"https:\/\/www.depestele.be\/fr\/wp-json\/wp\/v2\/users\/1"}],"replies":[{"embeddable":true,"href":"https:\/\/www.depestele.be\/fr\/wp-json\/wp\/v2\/comments?post=268"}],"version-history":[{"count":6,"href":"https:\/\/www.depestele.be\/fr\/wp-json\/wp\/v2\/pages\/268\/revisions"}],"predecessor-version":[{"id":274,"href":"https:\/\/www.depestele.be\/fr\/wp-json\/wp\/v2\/pages\/268\/revisions\/274"}],"wp:attachment":[{"href":"https:\/\/www.depestele.be\/fr\/wp-json\/wp\/v2\/media?parent=268"}],"curies":[{"name":"wp","href":"https:\/\/api.w.org\/{rel}","templated":true}]}}