{"id":275,"date":"2022-06-21T06:33:28","date_gmt":"2022-06-21T06:33:28","guid":{"rendered":"https:\/\/depestele.mynewwebsite.be\/ons-team-frans\/"},"modified":"2023-06-21T14:16:39","modified_gmt":"2023-06-21T14:16:39","slug":"notre-equipe","status":"publish","type":"page","link":"https:\/\/www.depestele.be\/fr\/notre-equipe\/","title":{"rendered":"Notre \u00e9quipe"},"content":{"rendered":"<div id=\"cs-content\" class=\"cs-content\"><\/div>\n","protected":false},"excerpt":{"rendered":"<p>Bureau d\u2019expertise DepesteleFaites connaissance avec notre \u00e9quipe Notre \u00e9quipe d&rsquo;experts et notre personnel de soutien investissent continuellement dans leurs connaissances et leur expertise, afin que les choses qui paraissent complexes, vous soient livr\u00e9es avec clart\u00e9 et simplicit\u00e9.Nos expertsSteven DepesteleExpert, chef d&rsquo;entreprise et expert europ\u00e9en reconnu en mati\u00e8re de r\u00e8glement des sinistres (FUEDI ELAE) Sp\u00e9cialis\u00e9 en BOAR | ABR | dommages &#8230; <\/p>\n<div><a href=\"https:\/\/www.depestele.be\/fr\/notre-equipe\/\" class=\"more-link\">Read More<\/a><\/div>\n","protected":false},"author":1,"featured_media":0,"parent":0,"menu_order":0,"comment_status":"closed","ping_status":"closed","template":"template-blank-4.php","meta":{"_seopress_robots_primary_cat":"","_seopress_titles_title":"","_seopress_titles_desc":"","_seopress_robots_index":"","footnotes":""},"class_list":["post-275","page","type-page","status-publish","hentry","no-post-thumbnail"],"acf":[],"_links":{"self":[{"href":"https:\/\/www.depestele.be\/fr\/wp-json\/wp\/v2\/pages\/275","targetHints":{"allow":["GET"]}}],"collection":[{"href":"https:\/\/www.depestele.be\/fr\/wp-json\/wp\/v2\/pages"}],"about":[{"href":"https:\/\/www.depestele.be\/fr\/wp-json\/wp\/v2\/types\/page"}],"author":[{"embeddable":true,"href":"https:\/\/www.depestele.be\/fr\/wp-json\/wp\/v2\/users\/1"}],"replies":[{"embeddable":true,"href":"https:\/\/www.depestele.be\/fr\/wp-json\/wp\/v2\/comments?post=275"}],"version-history":[{"count":7,"href":"https:\/\/www.depestele.be\/fr\/wp-json\/wp\/v2\/pages\/275\/revisions"}],"predecessor-version":[{"id":282,"href":"https:\/\/www.depestele.be\/fr\/wp-json\/wp\/v2\/pages\/275\/revisions\/282"}],"wp:attachment":[{"href":"https:\/\/www.depestele.be\/fr\/wp-json\/wp\/v2\/media?parent=275"}],"curies":[{"name":"wp","href":"https:\/\/api.w.org\/{rel}","templated":true}]}}